{"id":516,"date":"2024-06-28T11:03:13","date_gmt":"2024-06-28T11:03:13","guid":{"rendered":"https:\/\/autopartsoils.ro\/site\/product\/ulei-de-motor-pentru-microbuze-petromax-all-van-5w-40-ls-1l-acea-a5-b5-c2-c3-api-sn-cf\/"},"modified":"2024-11-12T11:18:01","modified_gmt":"2024-11-12T11:18:01","slug":"ulei-de-motor-pentru-microbuze-petromax-all-van-5w-40-ls-1l-acea-a5-b5-c2-c3-api-sn-cf","status":"publish","type":"product","link":"https:\/\/autopartsoils.ro\/site\/product\/ulei-de-motor-pentru-microbuze-petromax-all-van-5w-40-ls-1l-acea-a5-b5-c2-c3-api-sn-cf\/","title":{"rendered":"Ulei de motor pentru microbuze Petromax All Van 5W-40 LS 1L ACEA A5\/B5, C2, C3, API SN\/CF"},"content":{"rendered":"<p>Petromax ALL VAN 5W-40 LS este un lubrifiant LONG LIFE 100% sintetic Mid SAPS produs la cele mai inalte niveluri de formulare, conceput pentru a oferi performan\u0163e excelente la motoarele moderne care respect\u0103 noile reglement\u0103ri privind emisiile EURO V \u015fi EURO VI. Tehnologia modern\u0103 de formulare cu con\u0163inut sc\u0103zut de cenu\u015f\u0103 permite prelungirea duratei de via\u0163\u0103 \u015fi men\u0163inerea eficien\u0163ei sistemelor de reducere a emisiilor autovehiculelor(dotate cu DPF, TWC, FAP). Petromax ALL VAN 5W-40 LS a fost proiectat special pentru a satisface cele mai recente specifica\u0163ii OEM pentru motoriz\u0103ri cu intervale de service prelungite \u015fi echipate cu sisteme de filtrare a particulelor, ce nu necesit\u0103 intre\u0163inere \u015fi f\u0103r\u0103 aditivi pentru combustibil. Vascozitate SAE 5W-40 Norme ACEA A5\/B5 ; C2; C3 Norme API SN\/CF Corespunde normelor OEM: FORD WSS-M2C913-C, 913-D MB 229.51 PSA B71229 VW 502.00 &#8211; 505.00 VW 504.00 &#8211; 507.00 VW 505.00 + 505.01<\/p>\n","protected":false},"excerpt":{"rendered":"<p>Petromax ALL VAN 5W-40 LS este un lubrifiant LONG LIFE 100% sintetic Mid SAPS produs la cele mai inalte niveluri de formulare, conceput pentru a oferi performan\u0163e excelente la motoarele moderne care respect\u0103 noile reglement\u0103ri privind emisiile EURO V \u015fi EURO VI. Tehnologia modern\u0103 de formulare cu con\u0163inut sc\u0103zut de cenu\u015f\u0103 permite prelungirea duratei de &hellip; <\/p>\n<p class=\"link-more\"><a href=\"https:\/\/autopartsoils.ro\/site\/product\/ulei-de-motor-pentru-microbuze-petromax-all-van-5w-40-ls-1l-acea-a5-b5-c2-c3-api-sn-cf\/\" class=\"more-link\">Cite\u0219te mai multe<span class=\"screen-reader-text\">\u201eUlei de motor pentru microbuze Petromax All Van 5W-40 LS 1L ACEA A5\/B5, C2, C3, API SN\/CF\u201d<\/span><\/a><\/p>\n","protected":false},"featured_media":515,"template":"","meta":[],"product_cat":[56],"product_tag":[],"class_list":{"0":"post-516","1":"product","2":"type-product","3":"status-publish","4":"has-post-thumbnail","6":"product_cat-ulei-motor","8":"first","9":"instock","10":"shipping-taxable","11":"purchasable","12":"product-type-simple"},"featured_media_urls":{"thumbnail":["https:\/\/autopartsoils.ro\/site\/wp-content\/uploads\/2024\/06\/1010104.0001-150x150.jpg",150,150,true],"medium":["https:\/\/autopartsoils.ro\/site\/wp-content\/uploads\/2024\/06\/1010104.0001-248x300.jpg",248,300,true],"medium_large":["https:\/\/autopartsoils.ro\/site\/wp-content\/uploads\/2024\/06\/1010104.0001.jpg",496,600,false],"large":["https:\/\/autopartsoils.ro\/site\/wp-content\/uploads\/2024\/06\/1010104.0001.jpg",496,600,false],"1536x1536":["https:\/\/autopartsoils.ro\/site\/wp-content\/uploads\/2024\/06\/1010104.0001.jpg",496,600,false],"2048x2048":["https:\/\/autopartsoils.ro\/site\/wp-content\/uploads\/2024\/06\/1010104.0001.jpg",496,600,false],"inspiro-featured-image":["https:\/\/autopartsoils.ro\/site\/wp-content\/uploads\/2024\/06\/1010104.0001.jpg",496,600,false],"inspiro-loop":["https:\/\/autopartsoils.ro\/site\/wp-content\/uploads\/2024\/06\/1010104.0001-496x320.jpg",496,320,true],"inspiro-loop@2x":["https:\/\/autopartsoils.ro\/site\/wp-content\/uploads\/2024\/06\/1010104.0001.jpg",496,600,false],"woocommerce_thumbnail":["https:\/\/autopartsoils.ro\/site\/wp-content\/uploads\/2024\/06\/1010104.0001-300x300.jpg",300,300,true],"woocommerce_single":["https:\/\/autopartsoils.ro\/site\/wp-content\/uploads\/2024\/06\/1010104.0001.jpg",496,600,false],"woocommerce_gallery_thumbnail":["https:\/\/autopartsoils.ro\/site\/wp-content\/uploads\/2024\/06\/1010104.0001-100x100.jpg",100,100,true],"portfolio_item-thumbnail":["https:\/\/autopartsoils.ro\/site\/wp-content\/uploads\/2024\/06\/1010104.0001-496x400.jpg",496,400,true],"portfolio_item-thumbnail@2x":["https:\/\/autopartsoils.ro\/site\/wp-content\/uploads\/2024\/06\/1010104.0001.jpg",496,600,false],"portfolio_item-masonry":["https:\/\/autopartsoils.ro\/site\/wp-content\/uploads\/2024\/06\/1010104.0001.jpg",496,600,false],"portfolio_item-masonry@2x":["https:\/\/autopartsoils.ro\/site\/wp-content\/uploads\/2024\/06\/1010104.0001.jpg",496,600,false],"portfolio_item-thumbnail_cinema":["https:\/\/autopartsoils.ro\/site\/wp-content\/uploads\/2024\/06\/1010104.0001-496x335.jpg",496,335,true],"portfolio_item-thumbnail_portrait":["https:\/\/autopartsoils.ro\/site\/wp-content\/uploads\/2024\/06\/1010104.0001.jpg",496,600,false],"portfolio_item-thumbnail_portrait@2x":["https:\/\/autopartsoils.ro\/site\/wp-content\/uploads\/2024\/06\/1010104.0001.jpg",496,600,false],"portfolio_item-thumbnail_square":["https:\/\/autopartsoils.ro\/site\/wp-content\/uploads\/2024\/06\/1010104.0001.jpg",496,600,false],"che_header_image":["https:\/\/autopartsoils.ro\/site\/wp-content\/uploads\/2024\/06\/1010104.0001.jpg",496,600,false]},"_links":{"self":[{"href":"https:\/\/autopartsoils.ro\/site\/wp-json\/wp\/v2\/product\/516","targetHints":{"allow":["GET"]}}],"collection":[{"href":"https:\/\/autopartsoils.ro\/site\/wp-json\/wp\/v2\/product"}],"about":[{"href":"https:\/\/autopartsoils.ro\/site\/wp-json\/wp\/v2\/types\/product"}],"wp:featuredmedia":[{"embeddable":true,"href":"https:\/\/autopartsoils.ro\/site\/wp-json\/wp\/v2\/media\/515"}],"wp:attachment":[{"href":"https:\/\/autopartsoils.ro\/site\/wp-json\/wp\/v2\/media?parent=516"}],"wp:term":[{"taxonomy":"product_cat","embeddable":true,"href":"https:\/\/autopartsoils.ro\/site\/wp-json\/wp\/v2\/product_cat?post=516"},{"taxonomy":"product_tag","embeddable":true,"href":"https:\/\/autopartsoils.ro\/site\/wp-json\/wp\/v2\/product_tag?post=516"}],"curies":[{"name":"wp","href":"https:\/\/api.w.org\/{rel}","templated":true}]}}