{"id":528,"date":"2024-06-28T11:03:16","date_gmt":"2024-06-28T11:03:16","guid":{"rendered":"https:\/\/autopartsoils.ro\/site\/product\/ulei-de-motor-pentru-utilaje-de-constructii-petromax-etrios-two-20w50-5l-e3-b3-cg-4-cf-4-cat-to-2\/"},"modified":"2024-11-12T11:18:01","modified_gmt":"2024-11-12T11:18:01","slug":"ulei-de-motor-pentru-utilaje-de-constructii-petromax-etrios-two-20w50-5l-e3-b3-cg-4-cf-4-cat-to-2","status":"publish","type":"product","link":"https:\/\/autopartsoils.ro\/site\/product\/ulei-de-motor-pentru-utilaje-de-constructii-petromax-etrios-two-20w50-5l-e3-b3-cg-4-cf-4-cat-to-2\/","title":{"rendered":"Ulei de motor pentru utilaje de constructii Petromax Etrios Two 20W50 5L E3\/B3 CG-4\/CF-4 CAT TO-2"},"content":{"rendered":"<p>ETRIOS TWO 20W50 este un ulei &#8222;HPDO&#8221; de tip multifunc\u021bional recomandat pentru toate tipurile de motoare diesel (motoare heavy-duty,motoare pt off-road, motoare de mare vitez\u0103 sau marine). Calitatea uleiurilor de baz\u0103 impreun\u0103 cu un pachet de aditivi fiabili garanteaz\u0103 un comportament excelent de func\u021bionare cu orice tip de motorin\u0103 \u0219i intervale extinse de schimbare a uleiului, conform informa\u021biilor furnizate de produc\u0103tori. ETRIOS TWO 20W50 poate fi definit ca un produs multifunc\u021bional care va fi utilizat in toate tipurile de flot\u0103 pe motoarele diesel de mare vitez\u0103, in utilajele de impr\u0103\u0219tiere a p\u0103mantului \u0219i in toate motoarele marine DIESEL supra-alimentate. Urm\u0103toarele beneficii pot fi ob\u021binute dac\u0103 utiliza\u021bi acest produs: \u2022 o cur\u0103\u021bare mai buna motorului, \u2022 o mai bun\u0103 protec\u021bie impotriva lipirii inelului piston, \u2022 o polizare redus\u0103 a g\u0103urii (polizarea \u021bevii de evacuare) \u2022 mai mult\u0103 protec\u021bie impotriva uzurii; \u2022 extinderea intervalelor de schimbare a uleiului. Vascozitate SAE 20W-50 Norme ACEA E3 B3 Norme API CG-4\/CF-4 Omologare OEM CAT TO-2 DEUTZ DQC II 05 MAN M3275 MB 228.3 MTU TYPE 2 RENAULT RD ZF TE-ML 04C<\/p>\n","protected":false},"excerpt":{"rendered":"<p>ETRIOS TWO 20W50 este un ulei &#8222;HPDO&#8221; de tip multifunc\u021bional recomandat pentru toate tipurile de motoare diesel (motoare heavy-duty,motoare pt off-road, motoare de mare vitez\u0103 sau marine). Calitatea uleiurilor de baz\u0103 impreun\u0103 cu un pachet de aditivi fiabili garanteaz\u0103 un comportament excelent de func\u021bionare cu orice tip de motorin\u0103 \u0219i intervale extinse de schimbare a &hellip; <\/p>\n<p class=\"link-more\"><a href=\"https:\/\/autopartsoils.ro\/site\/product\/ulei-de-motor-pentru-utilaje-de-constructii-petromax-etrios-two-20w50-5l-e3-b3-cg-4-cf-4-cat-to-2\/\" class=\"more-link\">Cite\u0219te mai multe<span class=\"screen-reader-text\">\u201eUlei de motor pentru utilaje de constructii Petromax Etrios Two 20W50 5L E3\/B3 CG-4\/CF-4 CAT TO-2\u201d<\/span><\/a><\/p>\n","protected":false},"featured_media":527,"template":"","meta":[],"product_cat":[56],"product_tag":[],"class_list":{"0":"post-528","1":"product","2":"type-product","3":"status-publish","4":"has-post-thumbnail","6":"product_cat-ulei-motor","8":"first","9":"instock","10":"shipping-taxable","11":"purchasable","12":"product-type-simple"},"featured_media_urls":{"thumbnail":["https:\/\/autopartsoils.ro\/site\/wp-content\/uploads\/2024\/06\/4010305.0005-150x150.jpg",150,150,true],"medium":["https:\/\/autopartsoils.ro\/site\/wp-content\/uploads\/2024\/06\/4010305.0005-238x300.jpg",238,300,true],"medium_large":["https:\/\/autopartsoils.ro\/site\/wp-content\/uploads\/2024\/06\/4010305.0005.jpg",475,600,false],"large":["https:\/\/autopartsoils.ro\/site\/wp-content\/uploads\/2024\/06\/4010305.0005.jpg",475,600,false],"1536x1536":["https:\/\/autopartsoils.ro\/site\/wp-content\/uploads\/2024\/06\/4010305.0005.jpg",475,600,false],"2048x2048":["https:\/\/autopartsoils.ro\/site\/wp-content\/uploads\/2024\/06\/4010305.0005.jpg",475,600,false],"inspiro-featured-image":["https:\/\/autopartsoils.ro\/site\/wp-content\/uploads\/2024\/06\/4010305.0005.jpg",475,600,false],"inspiro-loop":["https:\/\/autopartsoils.ro\/site\/wp-content\/uploads\/2024\/06\/4010305.0005-475x320.jpg",475,320,true],"inspiro-loop@2x":["https:\/\/autopartsoils.ro\/site\/wp-content\/uploads\/2024\/06\/4010305.0005.jpg",475,600,false],"woocommerce_thumbnail":["https:\/\/autopartsoils.ro\/site\/wp-content\/uploads\/2024\/06\/4010305.0005-300x300.jpg",300,300,true],"woocommerce_single":["https:\/\/autopartsoils.ro\/site\/wp-content\/uploads\/2024\/06\/4010305.0005.jpg",475,600,false],"woocommerce_gallery_thumbnail":["https:\/\/autopartsoils.ro\/site\/wp-content\/uploads\/2024\/06\/4010305.0005-100x100.jpg",100,100,true],"portfolio_item-thumbnail":["https:\/\/autopartsoils.ro\/site\/wp-content\/uploads\/2024\/06\/4010305.0005-475x400.jpg",475,400,true],"portfolio_item-thumbnail@2x":["https:\/\/autopartsoils.ro\/site\/wp-content\/uploads\/2024\/06\/4010305.0005.jpg",475,600,false],"portfolio_item-masonry":["https:\/\/autopartsoils.ro\/site\/wp-content\/uploads\/2024\/06\/4010305.0005.jpg",475,600,false],"portfolio_item-masonry@2x":["https:\/\/autopartsoils.ro\/site\/wp-content\/uploads\/2024\/06\/4010305.0005.jpg",475,600,false],"portfolio_item-thumbnail_cinema":["https:\/\/autopartsoils.ro\/site\/wp-content\/uploads\/2024\/06\/4010305.0005-475x335.jpg",475,335,true],"portfolio_item-thumbnail_portrait":["https:\/\/autopartsoils.ro\/site\/wp-content\/uploads\/2024\/06\/4010305.0005.jpg",475,600,false],"portfolio_item-thumbnail_portrait@2x":["https:\/\/autopartsoils.ro\/site\/wp-content\/uploads\/2024\/06\/4010305.0005.jpg",475,600,false],"portfolio_item-thumbnail_square":["https:\/\/autopartsoils.ro\/site\/wp-content\/uploads\/2024\/06\/4010305.0005.jpg",475,600,false],"che_header_image":["https:\/\/autopartsoils.ro\/site\/wp-content\/uploads\/2024\/06\/4010305.0005.jpg",475,600,false]},"_links":{"self":[{"href":"https:\/\/autopartsoils.ro\/site\/wp-json\/wp\/v2\/product\/528","targetHints":{"allow":["GET"]}}],"collection":[{"href":"https:\/\/autopartsoils.ro\/site\/wp-json\/wp\/v2\/product"}],"about":[{"href":"https:\/\/autopartsoils.ro\/site\/wp-json\/wp\/v2\/types\/product"}],"wp:featuredmedia":[{"embeddable":true,"href":"https:\/\/autopartsoils.ro\/site\/wp-json\/wp\/v2\/media\/527"}],"wp:attachment":[{"href":"https:\/\/autopartsoils.ro\/site\/wp-json\/wp\/v2\/media?parent=528"}],"wp:term":[{"taxonomy":"product_cat","embeddable":true,"href":"https:\/\/autopartsoils.ro\/site\/wp-json\/wp\/v2\/product_cat?post=528"},{"taxonomy":"product_tag","embeddable":true,"href":"https:\/\/autopartsoils.ro\/site\/wp-json\/wp\/v2\/product_tag?post=528"}],"curies":[{"name":"wp","href":"https:\/\/api.w.org\/{rel}","templated":true}]}}