{"id":542,"date":"2024-06-28T11:03:23","date_gmt":"2024-06-28T11:03:23","guid":{"rendered":"https:\/\/autopartsoils.ro\/site\/product\/ulei-de-motor-pentru-camioane-si-autobuze-petromax-supertruck-ultra-hc-ls-10w40-5l-ck-4-vds-3-hp-2\/"},"modified":"2024-11-12T11:18:02","modified_gmt":"2024-11-12T11:18:02","slug":"ulei-de-motor-pentru-camioane-si-autobuze-petromax-supertruck-ultra-hc-ls-10w40-5l-ck-4-vds-3-hp-2","status":"publish","type":"product","link":"https:\/\/autopartsoils.ro\/site\/product\/ulei-de-motor-pentru-camioane-si-autobuze-petromax-supertruck-ultra-hc-ls-10w40-5l-ck-4-vds-3-hp-2\/","title":{"rendered":"Ulei de motor pentru camioane si autobuze Petromax SuperTruck Ultra HC LS 10W40 5L CK-4 VDS-3 HP-2"},"content":{"rendered":"<p>SUPERTRUCK ULTRA HC LS 10W40 este un lubrifiant sintetic 100% modern, multi-grade, bazat pe tehnologie de ultim\u0103 genera\u021bie, care sintetizeaz\u0103 un con\u021binut sc\u0103zut de cenu\u0219\u0103 \u0219i este f\u0103cut pentru a satisface nevoile celei mai noi genera\u021bii de motoare diesel Turbo cu o gam\u0103 extins\u0103 de cutii de viteze \u0219i emisii reduse de petrol cu tehnologie EURO 4, EURO 5 \u0219i EURO 6, echipate cu cele mai sofisticate sisteme de reducere a gazelor de ardere la evacuare. Am conceput acest produs \u021binand cont mai intai de tipul de sarcin\u0103 \u0219i de modul de utilizare a motoarelor in cele mai severe condi\u021bii. SUPERTRUCK ULTRA HC LS 10W40 este o adev\u0103rat\u0103 valoare ad\u0103ugat\u0103 pentru ma\u0219ina pe care este aplicat. Acest produs este conceput pentru motoarele montate pe utilaje de construc\u021bii care func\u021bioneaz\u0103 intr-un mediu specific \u0219i in condi\u021bii specifice. Produsul este adaptat s\u0103 func\u021bioneze in func\u021bie de cerin\u021bele produc\u0103torilor de echipamente de construc\u021bii, garantand o perioad\u0103 de service extins\u0103. SUPERTRUCK ULTRA HC LS 10W40 protejeaz\u0103 motorul impotriva depunerilor de carbon, care prin arderea combustibilului tinde s\u0103 se adune pe segmentele pistonului \u0219i pe suprafa\u021ba supapei, p\u0103strand motorul curat \u0219i eficient. Calitatea uleiului de baz\u0103 impreun\u0103 cu un pachet special de aditivi garanteaz\u0103 un comportament remarcabil in exploatarea fiec\u0103rui tip de ulei \u0219i cu prelungirea intervalelor de schimbare a uleiului, atingand cu u\u0219urin\u021b\u0103 limita de 100.000 km, in conformitate cu prevederile produc\u0103torilor. SUPERTRUCK ULTRAHC LS 10W40 poate fi un produs multifunc\u021bional definit prin utilizarea acestuia pe toate tipurile de flote diesel de pe autostrad\u0103, construc\u021bii \u0219i in toate motoarele marine DIESELsupraalimentate. Utilizand acest produs pute\u021bi ob\u021bine urm\u0103toarele avantaje: -Cur\u0103\u021benia crescut\u0103 a motorului -Protec\u021bie crescut\u0103 impotriva benzilor de lipit -Presare cu alezaj redus -Imbun\u0103t\u0103\u021birea protec\u021biei impotriva uzurii -Extensie maxim\u0103 a intervalului de schimbare a uleiului<\/p>\n","protected":false},"excerpt":{"rendered":"<p>SUPERTRUCK ULTRA HC LS 10W40 este un lubrifiant sintetic 100% modern, multi-grade, bazat pe tehnologie de ultim\u0103 genera\u021bie, care sintetizeaz\u0103 un con\u021binut sc\u0103zut de cenu\u0219\u0103 \u0219i este f\u0103cut pentru a satisface nevoile celei mai noi genera\u021bii de motoare diesel Turbo cu o gam\u0103 extins\u0103 de cutii de viteze \u0219i emisii reduse de petrol cu tehnologie &hellip; <\/p>\n<p class=\"link-more\"><a href=\"https:\/\/autopartsoils.ro\/site\/product\/ulei-de-motor-pentru-camioane-si-autobuze-petromax-supertruck-ultra-hc-ls-10w40-5l-ck-4-vds-3-hp-2\/\" class=\"more-link\">Cite\u0219te mai multe<span class=\"screen-reader-text\">\u201eUlei de motor pentru camioane si autobuze Petromax SuperTruck Ultra HC LS 10W40 5L CK-4 VDS-3 HP-2\u201d<\/span><\/a><\/p>\n","protected":false},"featured_media":541,"template":"","meta":[],"product_cat":[56],"product_tag":[],"class_list":{"0":"post-542","1":"product","2":"type-product","3":"status-publish","4":"has-post-thumbnail","6":"product_cat-ulei-motor","8":"first","9":"instock","10":"shipping-taxable","11":"purchasable","12":"product-type-simple"},"featured_media_urls":{"thumbnail":["https:\/\/autopartsoils.ro\/site\/wp-content\/uploads\/2024\/06\/3010203.0005-150x150.jpg",150,150,true],"medium":["https:\/\/autopartsoils.ro\/site\/wp-content\/uploads\/2024\/06\/3010203.0005-238x300.jpg",238,300,true],"medium_large":["https:\/\/autopartsoils.ro\/site\/wp-content\/uploads\/2024\/06\/3010203.0005.jpg",475,600,false],"large":["https:\/\/autopartsoils.ro\/site\/wp-content\/uploads\/2024\/06\/3010203.0005.jpg",475,600,false],"1536x1536":["https:\/\/autopartsoils.ro\/site\/wp-content\/uploads\/2024\/06\/3010203.0005.jpg",475,600,false],"2048x2048":["https:\/\/autopartsoils.ro\/site\/wp-content\/uploads\/2024\/06\/3010203.0005.jpg",475,600,false],"inspiro-featured-image":["https:\/\/autopartsoils.ro\/site\/wp-content\/uploads\/2024\/06\/3010203.0005.jpg",475,600,false],"inspiro-loop":["https:\/\/autopartsoils.ro\/site\/wp-content\/uploads\/2024\/06\/3010203.0005-475x320.jpg",475,320,true],"inspiro-loop@2x":["https:\/\/autopartsoils.ro\/site\/wp-content\/uploads\/2024\/06\/3010203.0005.jpg",475,600,false],"woocommerce_thumbnail":["https:\/\/autopartsoils.ro\/site\/wp-content\/uploads\/2024\/06\/3010203.0005-300x300.jpg",300,300,true],"woocommerce_single":["https:\/\/autopartsoils.ro\/site\/wp-content\/uploads\/2024\/06\/3010203.0005.jpg",475,600,false],"woocommerce_gallery_thumbnail":["https:\/\/autopartsoils.ro\/site\/wp-content\/uploads\/2024\/06\/3010203.0005-100x100.jpg",100,100,true],"portfolio_item-thumbnail":["https:\/\/autopartsoils.ro\/site\/wp-content\/uploads\/2024\/06\/3010203.0005-475x400.jpg",475,400,true],"portfolio_item-thumbnail@2x":["https:\/\/autopartsoils.ro\/site\/wp-content\/uploads\/2024\/06\/3010203.0005.jpg",475,600,false],"portfolio_item-masonry":["https:\/\/autopartsoils.ro\/site\/wp-content\/uploads\/2024\/06\/3010203.0005.jpg",475,600,false],"portfolio_item-masonry@2x":["https:\/\/autopartsoils.ro\/site\/wp-content\/uploads\/2024\/06\/3010203.0005.jpg",475,600,false],"portfolio_item-thumbnail_cinema":["https:\/\/autopartsoils.ro\/site\/wp-content\/uploads\/2024\/06\/3010203.0005-475x335.jpg",475,335,true],"portfolio_item-thumbnail_portrait":["https:\/\/autopartsoils.ro\/site\/wp-content\/uploads\/2024\/06\/3010203.0005.jpg",475,600,false],"portfolio_item-thumbnail_portrait@2x":["https:\/\/autopartsoils.ro\/site\/wp-content\/uploads\/2024\/06\/3010203.0005.jpg",475,600,false],"portfolio_item-thumbnail_square":["https:\/\/autopartsoils.ro\/site\/wp-content\/uploads\/2024\/06\/3010203.0005.jpg",475,600,false],"che_header_image":["https:\/\/autopartsoils.ro\/site\/wp-content\/uploads\/2024\/06\/3010203.0005.jpg",475,600,false]},"_links":{"self":[{"href":"https:\/\/autopartsoils.ro\/site\/wp-json\/wp\/v2\/product\/542","targetHints":{"allow":["GET"]}}],"collection":[{"href":"https:\/\/autopartsoils.ro\/site\/wp-json\/wp\/v2\/product"}],"about":[{"href":"https:\/\/autopartsoils.ro\/site\/wp-json\/wp\/v2\/types\/product"}],"wp:featuredmedia":[{"embeddable":true,"href":"https:\/\/autopartsoils.ro\/site\/wp-json\/wp\/v2\/media\/541"}],"wp:attachment":[{"href":"https:\/\/autopartsoils.ro\/site\/wp-json\/wp\/v2\/media?parent=542"}],"wp:term":[{"taxonomy":"product_cat","embeddable":true,"href":"https:\/\/autopartsoils.ro\/site\/wp-json\/wp\/v2\/product_cat?post=542"},{"taxonomy":"product_tag","embeddable":true,"href":"https:\/\/autopartsoils.ro\/site\/wp-json\/wp\/v2\/product_tag?post=542"}],"curies":[{"name":"wp","href":"https:\/\/api.w.org\/{rel}","templated":true}]}}