{"id":552,"date":"2024-06-28T11:03:26","date_gmt":"2024-06-28T11:03:26","guid":{"rendered":"https:\/\/autopartsoils.ro\/site\/product\/ulei-de-motor-pentru-camioane-si-autobuze-petromax-super-truck-400-15w40-5l-cf-4-e2-vds-m3275-eok2\/"},"modified":"2024-11-12T11:18:02","modified_gmt":"2024-11-12T11:18:02","slug":"ulei-de-motor-pentru-camioane-si-autobuze-petromax-super-truck-400-15w40-5l-cf-4-e2-vds-m3275-eok2","status":"publish","type":"product","link":"https:\/\/autopartsoils.ro\/site\/product\/ulei-de-motor-pentru-camioane-si-autobuze-petromax-super-truck-400-15w40-5l-cf-4-e2-vds-m3275-eok2\/","title":{"rendered":"Ulei de motor pentru camioane si autobuze Petromax Super Truck 400 15W40 5L CF-4 E2 VDS M3275 EOK2"},"content":{"rendered":"<p>SUPERTRUCK 400 15W40 este un ulei multifunc\u021bional &#8222;HPDO&#8221;, formulat pentru motoare, autobuze \u0219i distribuitoare de p\u0103mant aspirate in mod natural sau turbocompresor, chiar \u0219i in aplica\u021bii grele, vehicule echipate cu Euro 0, 1 \u0219i 2. Indicele de vascozitate ridicat\u0103 permite utilizarea sa in orice condi\u021bii climatice, asigurand protec\u021bia maxim\u0103 a motorului atat la pornire la rece cat \u0219i la temperaturi ridicate, asigurand astfel o vascozitate corect\u0103 chiar \u0219i pe distan\u021be lungi. SUPERTRUCK 400 15W40 ofer\u0103 o putere de cur\u0103\u021bare \u0219i de dispersie ridicat\u0103, o rezisten\u021b\u0103 excelent\u0103 la coroziune \u0219i oxidare \u0219i o putere spumant\u0103 ridicat\u0103. Produsul garanteaz\u0103 eficien\u021b\u0103 maxim\u0103 a motorului, men\u021binand o lubrifiere excelent\u0103 in toate condi\u021biile de utilizare, chiar \u0219i cele mai severe. Tind s\u0103 prelungeasc\u0103 durata de via\u021b\u0103 a motorului prin p\u0103strarea p\u0103r\u021bilor mobile ale motorului de uzur\u0103, men\u021binerea eficien\u021bei \u0219i fiabilit\u0103\u021bii maxime in timp, un produs indispensabil pentru profesioni\u0219ti. Urm\u0103toarele avantaje pot fi ob\u021binute dac\u0103 utiliza\u021bi acest produs: -cur\u0103\u021benie mai mare a motorului -mai mare protec\u021bie impotriva lipirii inelului pistonului -reduc\u021bie de g\u0103uri redus\u0103 (\u0219lefuirea conductei de e\u0219apament) -mai mult\u0103 protec\u021bie la uzur\u0103 Se recomand\u0103 intotdeauna respectarea intervalului de schimbare a uleiului, a\u0219a cum sugereaz\u0103 produc\u0103torul. Vascozitate SAE 15W-40 Norme ACEA E2 Norme API CF-4 Corespunde cerintelor OEM: CCMC D4\/G2 MACK EOK2 MAN 271 MAN M3275 MB 228.1 MIL-L-2104 D MTU TYPE 1 VOLVO VDS Baza ulei Mineral<\/p>\n","protected":false},"excerpt":{"rendered":"<p>SUPERTRUCK 400 15W40 este un ulei multifunc\u021bional &#8222;HPDO&#8221;, formulat pentru motoare, autobuze \u0219i distribuitoare de p\u0103mant aspirate in mod natural sau turbocompresor, chiar \u0219i in aplica\u021bii grele, vehicule echipate cu Euro 0, 1 \u0219i 2. Indicele de vascozitate ridicat\u0103 permite utilizarea sa in orice condi\u021bii climatice, asigurand protec\u021bia maxim\u0103 a motorului atat la pornire la &hellip; <\/p>\n<p class=\"link-more\"><a href=\"https:\/\/autopartsoils.ro\/site\/product\/ulei-de-motor-pentru-camioane-si-autobuze-petromax-super-truck-400-15w40-5l-cf-4-e2-vds-m3275-eok2\/\" class=\"more-link\">Cite\u0219te mai multe<span class=\"screen-reader-text\">\u201eUlei de motor pentru camioane si autobuze Petromax Super Truck 400 15W40 5L CF-4 E2 VDS M3275 EOK2\u201d<\/span><\/a><\/p>\n","protected":false},"featured_media":551,"template":"","meta":[],"product_cat":[56],"product_tag":[],"class_list":{"0":"post-552","1":"product","2":"type-product","3":"status-publish","4":"has-post-thumbnail","6":"product_cat-ulei-motor","8":"first","9":"instock","10":"shipping-taxable","11":"purchasable","12":"product-type-simple"},"featured_media_urls":{"thumbnail":["https:\/\/autopartsoils.ro\/site\/wp-content\/uploads\/2024\/06\/3010302.0005-150x150.jpg",150,150,true],"medium":["https:\/\/autopartsoils.ro\/site\/wp-content\/uploads\/2024\/06\/3010302.0005-238x300.jpg",238,300,true],"medium_large":["https:\/\/autopartsoils.ro\/site\/wp-content\/uploads\/2024\/06\/3010302.0005.jpg",475,600,false],"large":["https:\/\/autopartsoils.ro\/site\/wp-content\/uploads\/2024\/06\/3010302.0005.jpg",475,600,false],"1536x1536":["https:\/\/autopartsoils.ro\/site\/wp-content\/uploads\/2024\/06\/3010302.0005.jpg",475,600,false],"2048x2048":["https:\/\/autopartsoils.ro\/site\/wp-content\/uploads\/2024\/06\/3010302.0005.jpg",475,600,false],"inspiro-featured-image":["https:\/\/autopartsoils.ro\/site\/wp-content\/uploads\/2024\/06\/3010302.0005.jpg",475,600,false],"inspiro-loop":["https:\/\/autopartsoils.ro\/site\/wp-content\/uploads\/2024\/06\/3010302.0005-475x320.jpg",475,320,true],"inspiro-loop@2x":["https:\/\/autopartsoils.ro\/site\/wp-content\/uploads\/2024\/06\/3010302.0005.jpg",475,600,false],"woocommerce_thumbnail":["https:\/\/autopartsoils.ro\/site\/wp-content\/uploads\/2024\/06\/3010302.0005-300x300.jpg",300,300,true],"woocommerce_single":["https:\/\/autopartsoils.ro\/site\/wp-content\/uploads\/2024\/06\/3010302.0005.jpg",475,600,false],"woocommerce_gallery_thumbnail":["https:\/\/autopartsoils.ro\/site\/wp-content\/uploads\/2024\/06\/3010302.0005-100x100.jpg",100,100,true],"portfolio_item-thumbnail":["https:\/\/autopartsoils.ro\/site\/wp-content\/uploads\/2024\/06\/3010302.0005-475x400.jpg",475,400,true],"portfolio_item-thumbnail@2x":["https:\/\/autopartsoils.ro\/site\/wp-content\/uploads\/2024\/06\/3010302.0005.jpg",475,600,false],"portfolio_item-masonry":["https:\/\/autopartsoils.ro\/site\/wp-content\/uploads\/2024\/06\/3010302.0005.jpg",475,600,false],"portfolio_item-masonry@2x":["https:\/\/autopartsoils.ro\/site\/wp-content\/uploads\/2024\/06\/3010302.0005.jpg",475,600,false],"portfolio_item-thumbnail_cinema":["https:\/\/autopartsoils.ro\/site\/wp-content\/uploads\/2024\/06\/3010302.0005-475x335.jpg",475,335,true],"portfolio_item-thumbnail_portrait":["https:\/\/autopartsoils.ro\/site\/wp-content\/uploads\/2024\/06\/3010302.0005.jpg",475,600,false],"portfolio_item-thumbnail_portrait@2x":["https:\/\/autopartsoils.ro\/site\/wp-content\/uploads\/2024\/06\/3010302.0005.jpg",475,600,false],"portfolio_item-thumbnail_square":["https:\/\/autopartsoils.ro\/site\/wp-content\/uploads\/2024\/06\/3010302.0005.jpg",475,600,false],"che_header_image":["https:\/\/autopartsoils.ro\/site\/wp-content\/uploads\/2024\/06\/3010302.0005.jpg",475,600,false]},"_links":{"self":[{"href":"https:\/\/autopartsoils.ro\/site\/wp-json\/wp\/v2\/product\/552","targetHints":{"allow":["GET"]}}],"collection":[{"href":"https:\/\/autopartsoils.ro\/site\/wp-json\/wp\/v2\/product"}],"about":[{"href":"https:\/\/autopartsoils.ro\/site\/wp-json\/wp\/v2\/types\/product"}],"wp:featuredmedia":[{"embeddable":true,"href":"https:\/\/autopartsoils.ro\/site\/wp-json\/wp\/v2\/media\/551"}],"wp:attachment":[{"href":"https:\/\/autopartsoils.ro\/site\/wp-json\/wp\/v2\/media?parent=552"}],"wp:term":[{"taxonomy":"product_cat","embeddable":true,"href":"https:\/\/autopartsoils.ro\/site\/wp-json\/wp\/v2\/product_cat?post=552"},{"taxonomy":"product_tag","embeddable":true,"href":"https:\/\/autopartsoils.ro\/site\/wp-json\/wp\/v2\/product_tag?post=552"}],"curies":[{"name":"wp","href":"https:\/\/api.w.org\/{rel}","templated":true}]}}