{"id":596,"date":"2024-06-28T11:03:40","date_gmt":"2024-06-28T11:03:40","guid":{"rendered":"https:\/\/autopartsoils.ro\/site\/product\/ulei-de-motor-pentru-camioane-si-autobuze-petromax-super-truck-500-15w40-20l-20l-sl-ci-4-ch-4-eo-n-vds-3\/"},"modified":"2024-11-12T11:18:02","modified_gmt":"2024-11-12T11:18:02","slug":"ulei-de-motor-pentru-camioane-si-autobuze-petromax-super-truck-500-15w40-20l-20l-sl-ci-4-ch-4-eo-n-vds-3","status":"publish","type":"product","link":"https:\/\/autopartsoils.ro\/site\/product\/ulei-de-motor-pentru-camioane-si-autobuze-petromax-super-truck-500-15w40-20l-20l-sl-ci-4-ch-4-eo-n-vds-3\/","title":{"rendered":"Ulei de motor pentru camioane si autobuze Petromax Super Truck 500 15W40 20L 20L SL\/CI-4\/CH-4 EO-N VDS-3"},"content":{"rendered":"<p>Super Truck 500 15W40 este un lubrifiant mineral SHPDO (Ulei Diesel Super High Performance), este lubrifiantul perfect pentru toate vehiculele agricole cu motoare Euro 1, 2, 3 \u0219i 4, echipat cu sisteme anti-poluare EGR \u0219i SGR, aspirate sau turbocompresate, dar f\u0103r\u0103 filtre de particule. Aditivarea special\u0103 prezent\u0103 in produs ii confer\u0103 capacitatea de a extinde inlocuirea lubrifiantului pan\u0103 la maximul permis de produc\u0103tori. Produsul garanteaz\u0103 eficien\u021ba maxim\u0103 a motorului, men\u021binand o lubrifiere excelent\u0103 in toate condi\u021biile de utilizare, chiar \u0219i cele mai severe. Acestea tind s\u0103 prelungeasc\u0103 durata de via\u021b\u0103 a motorului prin protec\u021bia pieselor mobile de uzur\u0103, men\u021binand eficien\u021ba \u0219i fiabilitatea maxim\u0103 in timp, un produs indispensabil pentru profesioni\u0219ti. Acest produs aduce urm\u0103toarele avantaje: -Putere de cur\u0103\u021bare a motorului sporit\u0103 -Protec\u021bie impotriva uzurii motorului -Possibilitatea extinderii timpului intre schimburi de ulei Vascozitate SAE 15W-40 Norme ACEA E7-08 Norme API SL\/CI-4\/CH-4 Corespunde cerintelor OEM: CAT ECF-1 MACK EO-N MB 228.3 MTU TYPE 2 RENAULT RVI RLD-2 VOLVO VDS-3 Baza ulei Mineral<\/p>\n","protected":false},"excerpt":{"rendered":"<p>Super Truck 500 15W40 este un lubrifiant mineral SHPDO (Ulei Diesel Super High Performance), este lubrifiantul perfect pentru toate vehiculele agricole cu motoare Euro 1, 2, 3 \u0219i 4, echipat cu sisteme anti-poluare EGR \u0219i SGR, aspirate sau turbocompresate, dar f\u0103r\u0103 filtre de particule. Aditivarea special\u0103 prezent\u0103 in produs ii confer\u0103 capacitatea de a extinde &hellip; <\/p>\n<p class=\"link-more\"><a href=\"https:\/\/autopartsoils.ro\/site\/product\/ulei-de-motor-pentru-camioane-si-autobuze-petromax-super-truck-500-15w40-20l-20l-sl-ci-4-ch-4-eo-n-vds-3\/\" class=\"more-link\">Cite\u0219te mai multe<span class=\"screen-reader-text\">\u201eUlei de motor pentru camioane si autobuze Petromax Super Truck 500 15W40 20L 20L SL\/CI-4\/CH-4 EO-N VDS-3\u201d<\/span><\/a><\/p>\n","protected":false},"featured_media":595,"template":"","meta":[],"product_cat":[56],"product_tag":[],"class_list":{"0":"post-596","1":"product","2":"type-product","3":"status-publish","4":"has-post-thumbnail","6":"product_cat-ulei-motor","8":"first","9":"instock","10":"shipping-taxable","11":"purchasable","12":"product-type-simple"},"featured_media_urls":{"thumbnail":["https:\/\/autopartsoils.ro\/site\/wp-content\/uploads\/2024\/06\/3010303.0020-150x150.jpg",150,150,true],"medium":["https:\/\/autopartsoils.ro\/site\/wp-content\/uploads\/2024\/06\/3010303.0020-300x276.jpg",300,276,true],"medium_large":["https:\/\/autopartsoils.ro\/site\/wp-content\/uploads\/2024\/06\/3010303.0020.jpg",600,552,false],"large":["https:\/\/autopartsoils.ro\/site\/wp-content\/uploads\/2024\/06\/3010303.0020.jpg",600,552,false],"1536x1536":["https:\/\/autopartsoils.ro\/site\/wp-content\/uploads\/2024\/06\/3010303.0020.jpg",600,552,false],"2048x2048":["https:\/\/autopartsoils.ro\/site\/wp-content\/uploads\/2024\/06\/3010303.0020.jpg",600,552,false],"inspiro-featured-image":["https:\/\/autopartsoils.ro\/site\/wp-content\/uploads\/2024\/06\/3010303.0020.jpg",600,552,false],"inspiro-loop":["https:\/\/autopartsoils.ro\/site\/wp-content\/uploads\/2024\/06\/3010303.0020-600x320.jpg",600,320,true],"inspiro-loop@2x":["https:\/\/autopartsoils.ro\/site\/wp-content\/uploads\/2024\/06\/3010303.0020.jpg",600,552,false],"woocommerce_thumbnail":["https:\/\/autopartsoils.ro\/site\/wp-content\/uploads\/2024\/06\/3010303.0020-300x300.jpg",300,300,true],"woocommerce_single":["https:\/\/autopartsoils.ro\/site\/wp-content\/uploads\/2024\/06\/3010303.0020.jpg",600,552,false],"woocommerce_gallery_thumbnail":["https:\/\/autopartsoils.ro\/site\/wp-content\/uploads\/2024\/06\/3010303.0020-100x100.jpg",100,100,true],"portfolio_item-thumbnail":["https:\/\/autopartsoils.ro\/site\/wp-content\/uploads\/2024\/06\/3010303.0020-600x400.jpg",600,400,true],"portfolio_item-thumbnail@2x":["https:\/\/autopartsoils.ro\/site\/wp-content\/uploads\/2024\/06\/3010303.0020.jpg",600,552,false],"portfolio_item-masonry":["https:\/\/autopartsoils.ro\/site\/wp-content\/uploads\/2024\/06\/3010303.0020.jpg",600,552,false],"portfolio_item-masonry@2x":["https:\/\/autopartsoils.ro\/site\/wp-content\/uploads\/2024\/06\/3010303.0020.jpg",600,552,false],"portfolio_item-thumbnail_cinema":["https:\/\/autopartsoils.ro\/site\/wp-content\/uploads\/2024\/06\/3010303.0020-600x335.jpg",600,335,true],"portfolio_item-thumbnail_portrait":["https:\/\/autopartsoils.ro\/site\/wp-content\/uploads\/2024\/06\/3010303.0020.jpg",600,552,false],"portfolio_item-thumbnail_portrait@2x":["https:\/\/autopartsoils.ro\/site\/wp-content\/uploads\/2024\/06\/3010303.0020.jpg",600,552,false],"portfolio_item-thumbnail_square":["https:\/\/autopartsoils.ro\/site\/wp-content\/uploads\/2024\/06\/3010303.0020.jpg",600,552,false],"che_header_image":["https:\/\/autopartsoils.ro\/site\/wp-content\/uploads\/2024\/06\/3010303.0020.jpg",600,552,false]},"_links":{"self":[{"href":"https:\/\/autopartsoils.ro\/site\/wp-json\/wp\/v2\/product\/596","targetHints":{"allow":["GET"]}}],"collection":[{"href":"https:\/\/autopartsoils.ro\/site\/wp-json\/wp\/v2\/product"}],"about":[{"href":"https:\/\/autopartsoils.ro\/site\/wp-json\/wp\/v2\/types\/product"}],"wp:featuredmedia":[{"embeddable":true,"href":"https:\/\/autopartsoils.ro\/site\/wp-json\/wp\/v2\/media\/595"}],"wp:attachment":[{"href":"https:\/\/autopartsoils.ro\/site\/wp-json\/wp\/v2\/media?parent=596"}],"wp:term":[{"taxonomy":"product_cat","embeddable":true,"href":"https:\/\/autopartsoils.ro\/site\/wp-json\/wp\/v2\/product_cat?post=596"},{"taxonomy":"product_tag","embeddable":true,"href":"https:\/\/autopartsoils.ro\/site\/wp-json\/wp\/v2\/product_tag?post=596"}],"curies":[{"name":"wp","href":"https:\/\/api.w.org\/{rel}","templated":true}]}}